{"id":4945,"date":"2021-08-25T16:53:48","date_gmt":"2021-08-25T15:53:48","guid":{"rendered":"https:\/\/demo.themexbd.com\/rtl\/dainty\/?page_id=4945"},"modified":"2023-10-14T15:38:47","modified_gmt":"2023-10-14T14:38:47","slug":"servicii","status":"publish","type":"page","link":"https:\/\/mdent.ro\/?page_id=4945","title":{"rendered":"Servicii"},"content":{"rendered":"\t\t<div data-elementor-type=\"wp-page\" data-elementor-id=\"4945\" class=\"elementor elementor-4945\">\n\t\t\t\t\t\t<section class=\"elementor-section elementor-top-section elementor-element elementor-element-908deb7 elementor-section-boxed elementor-section-height-default elementor-section-height-default\" data-id=\"908deb7\" data-element_type=\"section\">\n\t\t\t\t\t\t<div class=\"elementor-container elementor-column-gap-default\">\n\t\t\t\t\t<div class=\"elementor-column elementor-col-100 elementor-top-column elementor-element elementor-element-3ac6256\" data-id=\"3ac6256\" data-element_type=\"column\">\n\t\t\t<div class=\"elementor-widget-wrap elementor-element-populated\">\n\t\t\t\t\t\t<div class=\"elementor-element elementor-element-d1be84f maxmet-star-rating--align-center elementor-widget elementor-widget-witr_section_title\" data-id=\"d1be84f\" data-element_type=\"widget\" data-widget_type=\"witr_section_title.default\">\n\t\t\t\t<div class=\"elementor-widget-container\">\n\t\t\t\t\t\t\t\t\t\t<!-- title left -->\n\t\t\t\t\t<div class=\"witr_section_title\">\n\t\t\t\t\t\t<div class=\"witr_section_title_inner text-left\">\n\t\t\t\t\t\t\n\t\t\t\t\t\t\t<!-- icon position -->\n\t\t\t\t\t\t\t\t\n\t\t\t\t\t\t\t<!-- end icon position -->\n\t\t\t\t\t\t\n\t\t\t\t\t\t\n\t\t\t\t\t\t\t<!-- title top -->\n\t\t\t\t\t\t\t\n\t\t\t\t\t\t\t<!-- icon position -->\n\t\t\t\t\t\t\t\t\n\t\t\t\t\t\t\t<!-- end icon position -->\n\n\t\t\t\t\t\t\t\n\t\t\t\t\t\t\t<!-- title middle -->\n\t\t\t\t\t\t\t\t\t\t\t\t\t\t\t<h3><span> MDENT<\/span> PRETURI<\/h3>\t\t\n\t\t\t\t\t\t\t\t\t\t\t\t\t\t<!-- title bottom -->\n\t\t\t\t\t\t\t\t\t\t\t\t\t\t\n\t\t\t\t\t\t\t<!-- icon position -->\n\t\t\t\t\t\t\t\t\t\t\t\t\t\t\n\t\t\t\t\t\t\t<!-- image -->\n\t\t\t\t\t\t\t\t\t\t\t\t\t\t<!-- icon -->\n\t\t\t\t\t\t\t\t\t\t\t\t\t\t\n\t\t\t\t\t\t\t<!-- bar -->\n\t\t\t\t\t\t\t\t\t\t\t\t\t\t<!-- circle bar -->\n\t\t\t\t\t\t\t\t\t\t\t\t\t\t\n\t\t\t\t\t\t\t\t\n\t\t\t\t\t\t\t<!-- end icon position -->\n\n\t\t\t\t\t\t\t<!-- content -->\n\t\t\t\t\t\t\t\t\t\t\t\t\t<\/div>\n\t\t\t\t\t\t\t<!-- inner title -->\n\t\t\t\t\t\t\t\t\t\t\t\t\t\n\t\t\t\t\t<\/div>\t\t\t\t\n\t\t\t\t\t\t\t\t<\/div>\n\t\t\t\t<\/div>\n\t\t\t\t\t<\/div>\n\t\t<\/div>\n\t\t\t\t\t<\/div>\n\t\t<\/section>\n\t\t<div class=\"elementor-element elementor-element-a145686 e-flex e-con-boxed e-con e-parent\" data-id=\"a145686\" data-element_type=\"container\">\n\t\t\t\t\t<div class=\"e-con-inner\">\n\t\t\t\t<div class=\"elementor-element elementor-element-42b2415 elementor-widget elementor-widget-accordion\" data-id=\"42b2415\" data-element_type=\"widget\" data-widget_type=\"accordion.default\">\n\t\t\t\t<div class=\"elementor-widget-container\">\n\t\t\t\t\t\t\t<div class=\"elementor-accordion\">\n\t\t\t\t\t\t\t<div class=\"elementor-accordion-item\">\n\t\t\t\t\t<div id=\"elementor-tab-title-6991\" class=\"elementor-tab-title\" data-tab=\"1\" role=\"button\" aria-controls=\"elementor-tab-content-6991\" aria-expanded=\"false\">\n\t\t\t\t\t\t\t\t\t\t\t\t\t<span class=\"elementor-accordion-icon elementor-accordion-icon-left\" aria-hidden=\"true\">\n\t\t\t\t\t\t\t\t\t\t\t\t\t\t\t<span class=\"elementor-accordion-icon-closed\"><i class=\"fas fa-chevron-down\"><\/i><\/span>\n\t\t\t\t\t\t\t\t<span class=\"elementor-accordion-icon-opened\"><i class=\"fas fa-minus\"><\/i><\/span>\n\t\t\t\t\t\t\t\t\t\t\t\t\t\t<\/span>\n\t\t\t\t\t\t\t\t\t\t\t\t<a class=\"elementor-accordion-title\" tabindex=\"0\">Igienizarea dentar\u0103:<\/a>\n\t\t\t\t\t<\/div>\n\t\t\t\t\t<div id=\"elementor-tab-content-6991\" class=\"elementor-tab-content elementor-clearfix\" data-tab=\"1\" role=\"region\" aria-labelledby=\"elementor-tab-title-6991\"><ol><li><pre>Detartrajul: Eliminarea tartrului \u0219i pl\u0103cii dentare de pe suprafe\u021bele dentare.<\/pre><\/li><li><pre>Periajul profesional: Cur\u0103\u021barea \u0219i perierea din\u021bilor pentru \u00eendep\u0103rtarea pl\u0103cii.<\/pre><\/li><li><pre>Airflow: Utilizarea unei tehnologii cu ap\u0103 sub presiune pentru cur\u0103\u021barea eficient\u0103 a suprafe\u021belor dentare.<\/pre><\/li><li><pre>Sigilarea: Aplicarea unui strat protector pe din\u021bii molari pentru a preveni cariile.<\/pre><\/li><li><pre>Instruirea igienic\u0103 oral\u0103: Educa\u021bia pacien\u021bilor privind tehnici de periaj \u0219i folosirea corect\u0103 a a\u021bei dentare.<\/pre><\/li><\/ol><\/div>\n\t\t\t\t<\/div>\n\t\t\t\t\t\t\t<div class=\"elementor-accordion-item\">\n\t\t\t\t\t<div id=\"elementor-tab-title-6992\" class=\"elementor-tab-title\" data-tab=\"2\" role=\"button\" aria-controls=\"elementor-tab-content-6992\" aria-expanded=\"false\">\n\t\t\t\t\t\t\t\t\t\t\t\t\t<span class=\"elementor-accordion-icon elementor-accordion-icon-left\" aria-hidden=\"true\">\n\t\t\t\t\t\t\t\t\t\t\t\t\t\t\t<span class=\"elementor-accordion-icon-closed\"><i class=\"fas fa-chevron-down\"><\/i><\/span>\n\t\t\t\t\t\t\t\t<span class=\"elementor-accordion-icon-opened\"><i class=\"fas fa-minus\"><\/i><\/span>\n\t\t\t\t\t\t\t\t\t\t\t\t\t\t<\/span>\n\t\t\t\t\t\t\t\t\t\t\t\t<a class=\"elementor-accordion-title\" tabindex=\"0\">Tratamente pentru carii:<\/a>\n\t\t\t\t\t<\/div>\n\t\t\t\t\t<div id=\"elementor-tab-content-6992\" class=\"elementor-tab-content elementor-clearfix\" data-tab=\"2\" role=\"region\" aria-labelledby=\"elementor-tab-title-6992\"><ol><li><pre>Plombarea cu materiale compozite: Umplerea cariilor cu materiale dentare estetice.<\/pre><\/li><li><pre>Plombarea cu amalgam: Repararea cariilor cu amalgam de argint.<\/pre><\/li><li><pre>Endodon\u021bia: Tratarea canalului radicular \u0219i umplerea acestuia pentru a salva din\u021bii afecta\u021bi grav.<\/pre><\/li><li><pre>Plombarea inlay\/onlay: Restaurarea din\u021bilor cu inlay-uri sau onlay-uri din ceramic\u0103 sau metal.<\/pre><\/li><li><pre>Coroane dentare: Acoperirea unui dinte grav afectat cu o coroan\u0103 pentru a-i restabili forma \u0219i func\u021bia.<\/pre><\/li><\/ol><\/div>\n\t\t\t\t<\/div>\n\t\t\t\t\t\t\t<div class=\"elementor-accordion-item\">\n\t\t\t\t\t<div id=\"elementor-tab-title-6993\" class=\"elementor-tab-title\" data-tab=\"3\" role=\"button\" aria-controls=\"elementor-tab-content-6993\" aria-expanded=\"false\">\n\t\t\t\t\t\t\t\t\t\t\t\t\t<span class=\"elementor-accordion-icon elementor-accordion-icon-left\" aria-hidden=\"true\">\n\t\t\t\t\t\t\t\t\t\t\t\t\t\t\t<span class=\"elementor-accordion-icon-closed\"><i class=\"fas fa-chevron-down\"><\/i><\/span>\n\t\t\t\t\t\t\t\t<span class=\"elementor-accordion-icon-opened\"><i class=\"fas fa-minus\"><\/i><\/span>\n\t\t\t\t\t\t\t\t\t\t\t\t\t\t<\/span>\n\t\t\t\t\t\t\t\t\t\t\t\t<a class=\"elementor-accordion-title\" tabindex=\"0\">Chirurgia oral\u0103:<\/a>\n\t\t\t\t\t<\/div>\n\t\t\t\t\t<div id=\"elementor-tab-content-6993\" class=\"elementor-tab-content elementor-clearfix\" data-tab=\"3\" role=\"region\" aria-labelledby=\"elementor-tab-title-6993\"><ol><li><pre>Extrac\u021bia din\u021bilor: \u00cendep\u0103rtarea din\u021bilor afecta\u021bi, inclusiv a m\u0103selelor de minte.<\/pre><\/li><li><pre>Implanturi dentare: Introducerea implanturilor pentru \u00eenlocuirea din\u021bilor lips\u0103.<\/pre><\/li><li><pre>Tratamentul chisturilor sau tumorilor orale: Interven\u021bii chirurgicale pentru \u00eendep\u0103rtarea cre\u0219terilor anormale.<\/pre><\/li><li><pre>Corec\u021bia maxilarului sau a mandibulei: Chirurgia ortognatic\u0103 pentru alinierea corect\u0103 a oaselor faciale.<\/pre><\/li><li><pre>Grefe osoase: Transplantul de os pentru a sprijini implanturile dentare sau pentru a reface oasele maxilare.<\/pre><\/li><\/ol><\/div>\n\t\t\t\t<\/div>\n\t\t\t\t\t\t\t<div class=\"elementor-accordion-item\">\n\t\t\t\t\t<div id=\"elementor-tab-title-6994\" class=\"elementor-tab-title\" data-tab=\"4\" role=\"button\" aria-controls=\"elementor-tab-content-6994\" aria-expanded=\"false\">\n\t\t\t\t\t\t\t\t\t\t\t\t\t<span class=\"elementor-accordion-icon elementor-accordion-icon-left\" aria-hidden=\"true\">\n\t\t\t\t\t\t\t\t\t\t\t\t\t\t\t<span class=\"elementor-accordion-icon-closed\"><i class=\"fas fa-chevron-down\"><\/i><\/span>\n\t\t\t\t\t\t\t\t<span class=\"elementor-accordion-icon-opened\"><i class=\"fas fa-minus\"><\/i><\/span>\n\t\t\t\t\t\t\t\t\t\t\t\t\t\t<\/span>\n\t\t\t\t\t\t\t\t\t\t\t\t<a class=\"elementor-accordion-title\" tabindex=\"0\">Ortodon\u021bie:<\/a>\n\t\t\t\t\t<\/div>\n\t\t\t\t\t<div id=\"elementor-tab-content-6994\" class=\"elementor-tab-content elementor-clearfix\" data-tab=\"4\" role=\"region\" aria-labelledby=\"elementor-tab-title-6994\"><ol><li><pre>Montarea aparatelor dentare: Instalarea aparaturii ortodontice pentru corectarea aliniamentului dentar.<\/pre><\/li><li><pre>Ajust\u0103ri periodice: Vizite regulate pentru str\u00e2ngerea sau modificarea aparatelor.<\/pre><\/li><li><pre>Tratarea problemelor de mu\u0219c\u0103tur\u0103: Corectarea mu\u0219c\u0103turii incorecte, cum ar fi supraocluzia sau ocluzia invers\u0103.<\/pre><\/li><li><pre>Utilizarea dispozitivelor auxiliare: Folosirea elastice, headgear, sau al\u021bi dispozitive pentru \u00eendreptarea din\u021bilor.<\/pre><\/li><li><pre>\u00cendep\u0103rtarea aparatelor: Procedura de \u00eendep\u0103rtare \u0219i cur\u0103\u021bare a aparatelor dup\u0103 finalizarea tratamentului.<\/pre><\/li><\/ol><\/div>\n\t\t\t\t<\/div>\n\t\t\t\t\t\t\t<div class=\"elementor-accordion-item\">\n\t\t\t\t\t<div id=\"elementor-tab-title-6995\" class=\"elementor-tab-title\" data-tab=\"5\" role=\"button\" aria-controls=\"elementor-tab-content-6995\" aria-expanded=\"false\">\n\t\t\t\t\t\t\t\t\t\t\t\t\t<span class=\"elementor-accordion-icon elementor-accordion-icon-left\" aria-hidden=\"true\">\n\t\t\t\t\t\t\t\t\t\t\t\t\t\t\t<span class=\"elementor-accordion-icon-closed\"><i class=\"fas fa-chevron-down\"><\/i><\/span>\n\t\t\t\t\t\t\t\t<span class=\"elementor-accordion-icon-opened\"><i class=\"fas fa-minus\"><\/i><\/span>\n\t\t\t\t\t\t\t\t\t\t\t\t\t\t<\/span>\n\t\t\t\t\t\t\t\t\t\t\t\t<a class=\"elementor-accordion-title\" tabindex=\"0\">Proceduri cosmetice dentare:<\/a>\n\t\t\t\t\t<\/div>\n\t\t\t\t\t<div id=\"elementor-tab-content-6995\" class=\"elementor-tab-content elementor-clearfix\" data-tab=\"5\" role=\"region\" aria-labelledby=\"elementor-tab-title-6995\"><ol><li><pre>Albirea dentar\u0103: Utilizarea substan\u021belor pentru a \u00eendep\u0103rta petele \u0219i a lumina culoarea din\u021bilor.<\/pre><\/li><li><pre>Aplicarea fa\u021betelor dentare: Plasarea stratului sub\u021bire de ceramic\u0103 peste din\u021bi pentru a \u00eembun\u0103t\u0103\u021bi aspectul.<\/pre><\/li><li><pre>Bonding dentar: Corectarea defectelor dentare cu material compozit.<\/pre><\/li><li><pre>Reconturarea gingiilor: Redefinirea marginilor gingiilor pentru a crea un z\u00e2mbet mai propor\u021bional.<\/pre><\/li><li><pre>\u00cenlocuirea restaur\u0103rilor vechi: \u00cenlocuirea obtura\u021biilor sau coroanelor vechi cu materiale estetice noi.<\/pre><\/li><\/ol><\/div>\n\t\t\t\t<\/div>\n\t\t\t\t\t\t\t<div class=\"elementor-accordion-item\">\n\t\t\t\t\t<div id=\"elementor-tab-title-6996\" class=\"elementor-tab-title\" data-tab=\"6\" role=\"button\" aria-controls=\"elementor-tab-content-6996\" aria-expanded=\"false\">\n\t\t\t\t\t\t\t\t\t\t\t\t\t<span class=\"elementor-accordion-icon elementor-accordion-icon-left\" aria-hidden=\"true\">\n\t\t\t\t\t\t\t\t\t\t\t\t\t\t\t<span class=\"elementor-accordion-icon-closed\"><i class=\"fas fa-chevron-down\"><\/i><\/span>\n\t\t\t\t\t\t\t\t<span class=\"elementor-accordion-icon-opened\"><i class=\"fas fa-minus\"><\/i><\/span>\n\t\t\t\t\t\t\t\t\t\t\t\t\t\t<\/span>\n\t\t\t\t\t\t\t\t\t\t\t\t<a class=\"elementor-accordion-title\" tabindex=\"0\">Tratamente pentru parodontoz\u0103:<\/a>\n\t\t\t\t\t<\/div>\n\t\t\t\t\t<div id=\"elementor-tab-content-6996\" class=\"elementor-tab-content elementor-clearfix\" data-tab=\"6\" role=\"region\" aria-labelledby=\"elementor-tab-title-6996\"><ol><li><pre>Scalarea \u0219i netezirea radicular\u0103: Cur\u0103\u021barea profesional\u0103 a r\u0103d\u0103cinilor din\u021bilor \u0219i \u00eendep\u0103rtarea pl\u0103cii subgingivale.<\/pre><\/li><li><pre>Planul de tratament personalizat: Dezvoltarea unui plan pentru gestionarea bolii parodontale a fiec\u0103rui pacient.<\/pre><\/li><li><pre>Chirurgia parodontal\u0103: Interven\u021bii chirurgicale pentru tratarea avansat\u0103 a bolii parodontale.<\/pre><\/li><li><pre>Aplicarea antibioticelor locale: Folosirea antibioticelor sub form\u0103 de gel pentru tratamentul infec\u021biilor parodontale.<\/pre><\/li><li><pre>Educa\u021bia pacien\u021bilor: Informarea pacien\u021bilor despre importan\u021ba igienei orale \u0219i a vizitelor regulate pentru prevenirea bolii parodontale.<\/pre><\/li><\/ol><\/div>\n\t\t\t\t<\/div>\n\t\t\t\t\t\t\t\t<\/div>\n\t\t\t\t\t\t<\/div>\n\t\t\t\t<\/div>\n\t\t\t\t\t<\/div>\n\t\t\t\t<\/div>\n\t\t\t\t<\/div>\n\t\t","protected":false},"excerpt":{"rendered":"<p>MDENT PRETURI Igienizarea dentar\u0103: Detartrajul: Eliminarea tartrului \u0219i pl\u0103cii dentare de pe suprafe\u021bele dentare. Periajul profesional: Cur\u0103\u021barea \u0219i perierea din\u021bilor pentru \u00eendep\u0103rtarea pl\u0103cii. Airflow: Utilizarea unei tehnologii cu ap\u0103 sub presiune pentru cur\u0103\u021barea eficient\u0103 a suprafe\u021belor dentare. Sigilarea: Aplicarea unui strat protector pe din\u021bii molari pentru a preveni cariile. Instruirea igienic\u0103 oral\u0103: Educa\u021bia pacien\u021bilor privind [&hellip;]<\/p>\n","protected":false},"author":1,"featured_media":0,"parent":0,"menu_order":0,"comment_status":"closed","ping_status":"closed","template":"template-home.php","meta":{"om_disable_all_campaigns":false,"_monsterinsights_skip_tracking":false,"_monsterinsights_sitenote_active":false,"_monsterinsights_sitenote_note":"","_monsterinsights_sitenote_category":0,"footnotes":""},"aioseo_notices":[],"_links":{"self":[{"href":"https:\/\/mdent.ro\/index.php?rest_route=\/wp\/v2\/pages\/4945"}],"collection":[{"href":"https:\/\/mdent.ro\/index.php?rest_route=\/wp\/v2\/pages"}],"about":[{"href":"https:\/\/mdent.ro\/index.php?rest_route=\/wp\/v2\/types\/page"}],"author":[{"embeddable":true,"href":"https:\/\/mdent.ro\/index.php?rest_route=\/wp\/v2\/users\/1"}],"replies":[{"embeddable":true,"href":"https:\/\/mdent.ro\/index.php?rest_route=%2Fwp%2Fv2%2Fcomments&post=4945"}],"version-history":[{"count":7,"href":"https:\/\/mdent.ro\/index.php?rest_route=\/wp\/v2\/pages\/4945\/revisions"}],"predecessor-version":[{"id":12959,"href":"https:\/\/mdent.ro\/index.php?rest_route=\/wp\/v2\/pages\/4945\/revisions\/12959"}],"wp:attachment":[{"href":"https:\/\/mdent.ro\/index.php?rest_route=%2Fwp%2Fv2%2Fmedia&parent=4945"}],"curies":[{"name":"wp","href":"https:\/\/api.w.org\/{rel}","templated":true}]}}