{"id":422,"date":"2020-06-10T18:10:31","date_gmt":"2020-06-10T18:10:31","guid":{"rendered":"http:\/\/localhost\/context\/?page_id=422"},"modified":"2023-10-14T16:33:38","modified_gmt":"2023-10-14T15:33:38","slug":"blog","status":"publish","type":"page","link":"https:\/\/mdent.ro\/?page_id=422","title":{"rendered":"Blog"},"content":{"rendered":"\t\t<div data-elementor-type=\"wp-page\" data-elementor-id=\"422\" class=\"elementor elementor-422\">\n\t\t\t\t\t\t<section class=\"elementor-section elementor-top-section elementor-element elementor-element-3462d70 elementor-section-boxed elementor-section-height-default elementor-section-height-default\" data-id=\"3462d70\" data-element_type=\"section\">\n\t\t\t\t\t\t<div class=\"elementor-container elementor-column-gap-default\">\n\t\t\t\t\t<div class=\"elementor-column elementor-col-100 elementor-top-column elementor-element elementor-element-5524767\" data-id=\"5524767\" data-element_type=\"column\">\n\t\t\t<div class=\"elementor-widget-wrap elementor-element-populated\">\n\t\t\t\t\t\t<div class=\"elementor-element elementor-element-afcb7d9 maxmet-star-rating--align-center elementor-widget elementor-widget-witr_section_title\" data-id=\"afcb7d9\" data-element_type=\"widget\" data-widget_type=\"witr_section_title.default\">\n\t\t\t\t<div class=\"elementor-widget-container\">\n\t\t\t\t\t\t\t\t\t\t<!-- title left -->\n\t\t\t\t\t<div class=\"witr_section_title\">\n\t\t\t\t\t\t<div class=\"witr_section_title_inner text-left\">\n\t\t\t\t\t\t\n\t\t\t\t\t\t\t<!-- icon position -->\n\t\t\t\t\t\t\t\t\n\t\t\t\t\t\t\t<!-- end icon position -->\n\t\t\t\t\t\t\n\t\t\t\t\t\t\n\t\t\t\t\t\t\t<!-- title top -->\n\t\t\t\t\t\t\t\n\t\t\t\t\t\t\t<!-- icon position -->\n\t\t\t\t\t\t\t\t\n\t\t\t\t\t\t\t<!-- end icon position -->\n\n\t\t\t\t\t\t\t\n\t\t\t\t\t\t\t<!-- title middle -->\n\t\t\t\t\t\t\t\t\t\t\t\t\t\t\t<h3>INFORMATII DE <span> INTERES <\/span> GENERAL<\/h3>\t\t\n\t\t\t\t\t\t\t\t\t\t\t\t\t\t<!-- title bottom -->\n\t\t\t\t\t\t\t\t\t\t\t\t\t\t\n\t\t\t\t\t\t\t<!-- icon position -->\n\t\t\t\t\t\t\t\t\t\t\t\t\t\t\n\t\t\t\t\t\t\t<!-- image -->\n\t\t\t\t\t\t\t\t\t\t\t\t\t\t<!-- icon -->\n\t\t\t\t\t\t\t\t\t\t\t\t\t\t\n\t\t\t\t\t\t\t<!-- bar -->\n\t\t\t\t\t\t\t\t\t\t\t\t\t\t<!-- circle bar -->\n\t\t\t\t\t\t\t\t\t\t\t\t\t\t\n\t\t\t\t\t\t\t\t\n\t\t\t\t\t\t\t<!-- end icon position -->\n\n\t\t\t\t\t\t\t<!-- content -->\n\t\t\t\t\t\t\t\t\t\t\t\t\t<\/div>\n\t\t\t\t\t\t\t<!-- inner title -->\n\t\t\t\t\t\t\t\t\t\t\t\t\t\n\t\t\t\t\t<\/div>\t\t\t\t\n\t\t\t\t\t\t\t\t<\/div>\n\t\t\t\t<\/div>\n\t\t\t\t<div class=\"elementor-element elementor-element-95a138d elementor-widget elementor-widget-witr_blog_section\" data-id=\"95a138d\" data-element_type=\"widget\" data-widget_type=\"witr_blog_section.default\">\n\t\t\t\t<div class=\"elementor-widget-container\">\n\t\t\t\t\t\t\t\t<!-- Blog Section -->\r\n\t\t\t<div class=\"witr_blog_area13 witr_blog_area14\">\r\n\t\t\t\t<div class=\"blog_wrap blogcar_idblog1\">\r\n\t\t\t\t\t\t\t\t\t\t\r\n\t\t\t\t\t\t<div class=\"witr_all_mb_30   col-md-12 col-xs-12 col-sm-12 \" >\r\n\t\t\t\t\t\t\t<div id=\"post-12998\" class=\"post-12998 post type-post status-publish format-standard hentry category-blog\">\r\n\t\t\t\t\t\t\t\t<div class=\"busi_singleBlog\">\r\n\t\t\t\t\t\t\t\t\t<!-- image -->\r\n\t\t\t\t\t\t\t\t\t\t\t\t\t\t\t\t\t\t<div class=\"all_blog_color\">\t\r\n\t\t\t\t\t\t\t\t\t\t<div class=\"witr_blog_con bs5\">\r\n\t\t\t\t\t\t\t\t\t\t\t<!-- title -->\r\n\t\t\t\t\t\t\t\t\t\t\t<h2><a href=\"https:\/\/mdent.ro\/?p=12998\">Igienizarea Dentar\u0103:<\/a><\/h2>\t\r\n\t\t\t\t\t\t\t\t\t\t\t<div class=\"witr_blog_meta_potion14\">\r\n\t\t\t\t\t\t\t\t\t\t\t\t<!-- author -->\r\n\t\t\t\t\t\t\t\t\t\t\t\t\t\t\t\t\t\t\t\t\t\t\r\n\t\t\t\t\t\t\t\t\t\t\t\t<!--  post meta -->\r\n\t\t\t\t\t\t\t\t\t\t\t\t\t\t\t\t\t\t\t\t\t\t\t\t\t\t\t\t\t\t\t\t\t\t\t\t\t\t\t<span><a href=\"https:\/\/mdent.ro\/?author=1\"><i class=\"icofont-user-alt-3\"><\/i> mdent.ro <\/a><\/span>\r\n\t\t\t\t\t\t\t\t\t\t\t\t\t\t\t\t\t\t\t\t\t\t\t\t\t\t\t\t\t\t\t\t\t\t\t\t\t\t\t\t\t\t\t\t\t\t\t\t\t\t\t\t\t\r\n\t\t\t\t\t\t\t\t\t\t\t\t\t\t\t\t\t\t\t\t\t\t\t\t\t\t\t\t\t\t\t\t\t\t\t\t\t\t\t\t\t\t\t\t\t\t\t\t\t\t\t\t<span><a href=\"#\"><i class=\"icofont-ui-clock\"><\/i><\/a> 14 Oct 2023<\/span>\r\n\t\t\t\t\t\t\t\t\t\t\t\t\t\t\t\t\t\t\t\t\t\t\t\t\t\t\t\t\t\t\t\t\t\t\t\t\t\t\t\t\r\n\t\t\t\t\t\t\t\t\t\t\t\t\t\t\t\t\t\t\t\t\t\t\t<\/div>\t\r\n\r\n\r\n\t\t\t\t\t\t\t\t\t\t\t<!-- content -->\r\n\t\t\t\t\t\t\t\t\t\t\t\t\t\t\t\t\t\t\t\t\t\t\t<p>Igienizarea dentar\u0103 este un aspect crucial al \u00eengrijirii orale. Este o procedur\u0103 efectuat\u0103 de c\u0103tre un igienist stomatologic sau asistent medical specializat \u00een cur\u0103\u021barea profesional\u0103 a din\u021bilor \u0219i gingiilor. Aceast\u0103 procedur\u0103 vizeaz\u0103 \u00eendep\u0103rtarea pl\u0103cii dentare \u0219i a tartrului care se<\/p>\t\t\t\t\t\t\t\t\t\t\t\t\t\t\t\t\t\t\t\t\t\t\r\n\t\t\t\t\t\t\t\t\t\t\t\t\t\t\t\t\t\t\t\t\t\t\t<div class=\"learn_more_adn\">\r\n\t\t\t\t\t\t\t\t\t\t\t\t  <a class=\"learn_btn adnbtn2\" href=\"https:\/\/mdent.ro\/?p=12998\">CITESTE MAI MULT ...<\/a>\r\n\t\t\t\t\t\t\t\t\t\t\t\t<\/div>\r\n\t\t\t\t\t\t\t\t\t\t\t\t\t\t\t\t\t\t\t\t\t\r\n\t\t\t\t\t\t\t\t\t\t<\/div>\r\n\t\t\t\t\t\t\t\t\t<\/div>\r\n\t\t\t\t\t\t\t\t\t\r\n\t\t\t\t\t\t\t\t<\/div>\r\n\t\t\t\t\t\t\t<\/div>\r\n\t\t\t\t\t\t<\/div>\r\n\t\t\t\t\t\t\t\t\t\t\r\n\t\t\t\t\t\t<div class=\"witr_all_mb_30   col-md-12 col-xs-12 col-sm-12 \" >\r\n\t\t\t\t\t\t\t<div id=\"post-13000\" class=\"post-13000 post type-post status-publish format-standard hentry category-blog\">\r\n\t\t\t\t\t\t\t\t<div class=\"busi_singleBlog\">\r\n\t\t\t\t\t\t\t\t\t<!-- image -->\r\n\t\t\t\t\t\t\t\t\t\t\t\t\t\t\t\t\t\t<div class=\"all_blog_color\">\t\r\n\t\t\t\t\t\t\t\t\t\t<div class=\"witr_blog_con bs5\">\r\n\t\t\t\t\t\t\t\t\t\t\t<!-- title -->\r\n\t\t\t\t\t\t\t\t\t\t\t<h2><a href=\"https:\/\/mdent.ro\/?p=13000\">Tratamente pentru Carii:<\/a><\/h2>\t\r\n\t\t\t\t\t\t\t\t\t\t\t<div class=\"witr_blog_meta_potion14\">\r\n\t\t\t\t\t\t\t\t\t\t\t\t<!-- author -->\r\n\t\t\t\t\t\t\t\t\t\t\t\t\t\t\t\t\t\t\t\t\t\t\r\n\t\t\t\t\t\t\t\t\t\t\t\t<!--  post meta -->\r\n\t\t\t\t\t\t\t\t\t\t\t\t\t\t\t\t\t\t\t\t\t\t\t\t\t\t\t\t\t\t\t\t\t\t\t\t\t\t\t<span><a href=\"https:\/\/mdent.ro\/?author=1\"><i class=\"icofont-user-alt-3\"><\/i> mdent.ro <\/a><\/span>\r\n\t\t\t\t\t\t\t\t\t\t\t\t\t\t\t\t\t\t\t\t\t\t\t\t\t\t\t\t\t\t\t\t\t\t\t\t\t\t\t\t\t\t\t\t\t\t\t\t\t\t\t\t\t\r\n\t\t\t\t\t\t\t\t\t\t\t\t\t\t\t\t\t\t\t\t\t\t\t\t\t\t\t\t\t\t\t\t\t\t\t\t\t\t\t\t\t\t\t\t\t\t\t\t\t\t\t\t<span><a href=\"#\"><i class=\"icofont-ui-clock\"><\/i><\/a> 14 Oct 2023<\/span>\r\n\t\t\t\t\t\t\t\t\t\t\t\t\t\t\t\t\t\t\t\t\t\t\t\t\t\t\t\t\t\t\t\t\t\t\t\t\t\t\t\t\r\n\t\t\t\t\t\t\t\t\t\t\t\t\t\t\t\t\t\t\t\t\t\t\t<\/div>\t\r\n\r\n\r\n\t\t\t\t\t\t\t\t\t\t\t<!-- content -->\r\n\t\t\t\t\t\t\t\t\t\t\t\t\t\t\t\t\t\t\t\t\t\t\t<p>Tratamentele pentru carii sunt un alt aspect crucial al stomatologiei. Cariile dentare sunt leziuni care afecteaz\u0103 smal\u021bul \u0219i dentina din\u021bilor. Acestea sunt cauzate de placa bacterian\u0103 \u0219i de consumul de zah\u0103r. Tratamentul cariilor vizeaz\u0103 restaurarea din\u021bilor afecta\u021bi pentru a preveni<\/p>\t\t\t\t\t\t\t\t\t\t\t\t\t\t\t\t\t\t\t\t\t\t\r\n\t\t\t\t\t\t\t\t\t\t\t\t\t\t\t\t\t\t\t\t\t\t\t<div class=\"learn_more_adn\">\r\n\t\t\t\t\t\t\t\t\t\t\t\t  <a class=\"learn_btn adnbtn2\" href=\"https:\/\/mdent.ro\/?p=13000\">CITESTE MAI MULT ...<\/a>\r\n\t\t\t\t\t\t\t\t\t\t\t\t<\/div>\r\n\t\t\t\t\t\t\t\t\t\t\t\t\t\t\t\t\t\t\t\t\t\r\n\t\t\t\t\t\t\t\t\t\t<\/div>\r\n\t\t\t\t\t\t\t\t\t<\/div>\r\n\t\t\t\t\t\t\t\t\t\r\n\t\t\t\t\t\t\t\t<\/div>\r\n\t\t\t\t\t\t\t<\/div>\r\n\t\t\t\t\t\t<\/div>\r\n\t\t\t\t\t\t\t\t\t\t\r\n\t\t\t\t\t\t<div class=\"witr_all_mb_30   col-md-12 col-xs-12 col-sm-12 \" >\r\n\t\t\t\t\t\t\t<div id=\"post-13002\" class=\"post-13002 post type-post status-publish format-standard hentry category-blog\">\r\n\t\t\t\t\t\t\t\t<div class=\"busi_singleBlog\">\r\n\t\t\t\t\t\t\t\t\t<!-- image -->\r\n\t\t\t\t\t\t\t\t\t\t\t\t\t\t\t\t\t\t<div class=\"all_blog_color\">\t\r\n\t\t\t\t\t\t\t\t\t\t<div class=\"witr_blog_con bs5\">\r\n\t\t\t\t\t\t\t\t\t\t\t<!-- title -->\r\n\t\t\t\t\t\t\t\t\t\t\t<h2><a href=\"https:\/\/mdent.ro\/?p=13002\">Chirurgia Oral\u0103:<\/a><\/h2>\t\r\n\t\t\t\t\t\t\t\t\t\t\t<div class=\"witr_blog_meta_potion14\">\r\n\t\t\t\t\t\t\t\t\t\t\t\t<!-- author -->\r\n\t\t\t\t\t\t\t\t\t\t\t\t\t\t\t\t\t\t\t\t\t\t\r\n\t\t\t\t\t\t\t\t\t\t\t\t<!--  post meta -->\r\n\t\t\t\t\t\t\t\t\t\t\t\t\t\t\t\t\t\t\t\t\t\t\t\t\t\t\t\t\t\t\t\t\t\t\t\t\t\t\t<span><a href=\"https:\/\/mdent.ro\/?author=1\"><i class=\"icofont-user-alt-3\"><\/i> mdent.ro <\/a><\/span>\r\n\t\t\t\t\t\t\t\t\t\t\t\t\t\t\t\t\t\t\t\t\t\t\t\t\t\t\t\t\t\t\t\t\t\t\t\t\t\t\t\t\t\t\t\t\t\t\t\t\t\t\t\t\t\r\n\t\t\t\t\t\t\t\t\t\t\t\t\t\t\t\t\t\t\t\t\t\t\t\t\t\t\t\t\t\t\t\t\t\t\t\t\t\t\t\t\t\t\t\t\t\t\t\t\t\t\t\t<span><a href=\"#\"><i class=\"icofont-ui-clock\"><\/i><\/a> 14 Oct 2023<\/span>\r\n\t\t\t\t\t\t\t\t\t\t\t\t\t\t\t\t\t\t\t\t\t\t\t\t\t\t\t\t\t\t\t\t\t\t\t\t\t\t\t\t\r\n\t\t\t\t\t\t\t\t\t\t\t\t\t\t\t\t\t\t\t\t\t\t\t<\/div>\t\r\n\r\n\r\n\t\t\t\t\t\t\t\t\t\t\t<!-- content -->\r\n\t\t\t\t\t\t\t\t\t\t\t\t\t\t\t\t\t\t\t\t\t\t\t<p>Chirurgia oral\u0103 este o ramur\u0103 important\u0103 a stomatologiei care implic\u0103 interven\u021bii chirurgicale \u00een gur\u0103 \u0219i \u00een jurul acesteia. Aceste interven\u021bii pot varia de la extrac\u021bia simpl\u0103 a din\u021bilor \u0219i implanturi dentare la proceduri complexe de corec\u021bie a maxilarelor \u0219i a<\/p>\t\t\t\t\t\t\t\t\t\t\t\t\t\t\t\t\t\t\t\t\t\t\r\n\t\t\t\t\t\t\t\t\t\t\t\t\t\t\t\t\t\t\t\t\t\t\t<div class=\"learn_more_adn\">\r\n\t\t\t\t\t\t\t\t\t\t\t\t  <a class=\"learn_btn adnbtn2\" href=\"https:\/\/mdent.ro\/?p=13002\">CITESTE MAI MULT ...<\/a>\r\n\t\t\t\t\t\t\t\t\t\t\t\t<\/div>\r\n\t\t\t\t\t\t\t\t\t\t\t\t\t\t\t\t\t\t\t\t\t\r\n\t\t\t\t\t\t\t\t\t\t<\/div>\r\n\t\t\t\t\t\t\t\t\t<\/div>\r\n\t\t\t\t\t\t\t\t\t\r\n\t\t\t\t\t\t\t\t<\/div>\r\n\t\t\t\t\t\t\t<\/div>\r\n\t\t\t\t\t\t<\/div>\r\n\t\t\t\t\t\t\r\n\t\t\t\t\t\t\t\t\t\t\t\r\n\t\t\t\t<\/div>\r\n\t\t\t<\/div>\r\n\t\t\t<!-- Blog Section -->\t\t\t\t\t\t\t\t\t\t\t\t\r\n\r\n\t\t<script type='text\/javascript'>\r\n\t\t\tjQuery(function($){\t\t\t\t\r\n\t\t\t\tvar witrbslick = $('.blogcar_idblog1');\t\t\t\t\r\n\t\t\t\tif(witrbslick.length > 0){\r\n\t\t\t\twitrbslick.slick({\r\n\t\t\t\t\tinfinite: true,\r\n\t\t\t\t\tautoplay: true,\r\n\t\t\t\t\tautoplaySpeed: 6000,\r\n\t\t\t\t\tspeed: 1000,\t\t\t\t\t\r\n\t\t\t\t\tslidesToShow: 2,\r\n\t\t\t\t\tslidesToScroll: 1,\r\n\t\t\t\t\t\t\t\t\t\tarrows: true,\r\n\t\t\t\t\tdots: false,\r\n\t\t\t\t\tresponsive: [\r\n\t\t\t\t\t\t{\r\n\t\t\t\t\t\t\tbreakpoint: 1200,\r\n\t\t\t\t\t\t\tsettings: {\r\n\t\t\t\t\t\t\t\tslidesToShow: 2,\r\n\t\t\t\t\t\t\t\tslidesToScroll: 1,\r\n\t\t\t\t\t\t\t}\r\n\t\t\t\t\t},\r\n\t\t\t\t\t\t{\r\n\t\t\t\t\t\t\tbreakpoint: 992,\r\n\t\t\t\t\t\t\tsettings: {\r\n\t\t\t\t\t\t\t\tslidesToShow: 2,\r\n\t\t\t\t\t\t\t\tslidesToScroll: 1,\r\n\t\t\t\t\t\t\t}\r\n\t\t\t\t\t},\r\n\t\t\t\t\t\t{\r\n\t\t\t\t\t\t\tbreakpoint: 767,\r\n\t\t\t\t\t\t\tsettings: {\r\n\t\t\t\t\t\t\t\tslidesToShow: 1,\r\n\t\t\t\t\t\t\t\tslidesToScroll: 1,\r\n\t\t\t\t\t\t\t}\r\n\t\t\t\t\t}\r\n\t\t\t\t\t]\r\n\t\t\t\t});\r\n\t\t\t}\r\n\r\n\t\t\t});\r\n\t\t<\/script>\t\t\t\t\t<\/div>\n\t\t\t\t<\/div>\n\t\t\t\t\t<\/div>\n\t\t<\/div>\n\t\t\t\t\t<\/div>\n\t\t<\/section>\n\t\t\t\t<\/div>\n\t\t","protected":false},"excerpt":{"rendered":"<p>INFORMATII DE INTERES GENERAL Igienizarea Dentar\u0103: mdent.ro 14 Oct 2023 Igienizarea dentar\u0103 este un aspect crucial al \u00eengrijirii orale. Este o procedur\u0103 efectuat\u0103 de c\u0103tre un igienist stomatologic sau asistent medical specializat \u00een cur\u0103\u021barea profesional\u0103 a din\u021bilor \u0219i gingiilor. Aceast\u0103 procedur\u0103 vizeaz\u0103 \u00eendep\u0103rtarea pl\u0103cii dentare \u0219i a tartrului care se CITESTE MAI MULT &#8230; Tratamente [&hellip;]<\/p>\n","protected":false},"author":1,"featured_media":0,"parent":0,"menu_order":0,"comment_status":"closed","ping_status":"closed","template":"template-home.php","meta":{"om_disable_all_campaigns":false,"_monsterinsights_skip_tracking":false,"_monsterinsights_sitenote_active":false,"_monsterinsights_sitenote_note":"","_monsterinsights_sitenote_category":0,"footnotes":""},"aioseo_notices":[],"_links":{"self":[{"href":"https:\/\/mdent.ro\/index.php?rest_route=\/wp\/v2\/pages\/422"}],"collection":[{"href":"https:\/\/mdent.ro\/index.php?rest_route=\/wp\/v2\/pages"}],"about":[{"href":"https:\/\/mdent.ro\/index.php?rest_route=\/wp\/v2\/types\/page"}],"author":[{"embeddable":true,"href":"https:\/\/mdent.ro\/index.php?rest_route=\/wp\/v2\/users\/1"}],"replies":[{"embeddable":true,"href":"https:\/\/mdent.ro\/index.php?rest_route=%2Fwp%2Fv2%2Fcomments&post=422"}],"version-history":[{"count":6,"href":"https:\/\/mdent.ro\/index.php?rest_route=\/wp\/v2\/pages\/422\/revisions"}],"predecessor-version":[{"id":13013,"href":"https:\/\/mdent.ro\/index.php?rest_route=\/wp\/v2\/pages\/422\/revisions\/13013"}],"wp:attachment":[{"href":"https:\/\/mdent.ro\/index.php?rest_route=%2Fwp%2Fv2%2Fmedia&parent=422"}],"curies":[{"name":"wp","href":"https:\/\/api.w.org\/{rel}","templated":true}]}}