{"id":360,"date":"2020-06-10T11:50:41","date_gmt":"2020-06-10T10:50:41","guid":{"rendered":"http:\/\/localhost\/context\/?page_id=360"},"modified":"2023-10-14T16:52:28","modified_gmt":"2023-10-14T15:52:28","slug":"about","status":"publish","type":"page","link":"https:\/\/mdent.ro\/?page_id=360","title":{"rendered":"Despre Noi"},"content":{"rendered":"\t\t<div data-elementor-type=\"wp-page\" data-elementor-id=\"360\" class=\"elementor elementor-360\">\n\t\t\t\t<div class=\"elementor-element elementor-element-d682b48 e-flex e-con-boxed e-con e-parent\" data-id=\"d682b48\" data-element_type=\"container\">\n\t\t\t\t\t<div class=\"e-con-inner\">\n\t\t\t\t<div class=\"elementor-element elementor-element-b7f9b1e elementor-widget elementor-widget-witr_section_t_widget\" data-id=\"b7f9b1e\" data-element_type=\"widget\" data-widget_type=\"witr_section_t_widget.default\">\n\t\t\t\t<div class=\"elementor-widget-container\">\n\t\t\t\t\t\t\t\t\t\t<!-- text widget center -->\n\t\t\t\t\t<div class=\"witr_text_widget\">\n\t\t\t\t\t\t<div class=\"witr_text_widget_inner\">\n\t\t\t\t\t\t\t<!-- text widget top -->\n\t\t\t\t\t\t\t\t\t\t\t\t\t\n\t\t\t\t\t\t\t<!-- text widget middle -->\n\t\t\t\t\t\t\t\t\t\t\t\t\t\t\t<h2>Misiune:\n<\/h2>\t\t\n\t\t\t\t\t\t\t\t\t\t\t\t\t\t<!-- text widget bottom -->\n\t\t\t\t\t\t\t\t\t\t\t\t\t\n\t\t\t\t\t\t\t<!-- content -->\n\t\t\t\t\t\t\t\t\t\t\t\t\t\t\t<p><p>Misiunea noastr\u0103 este de a oferi servicii stomatologice de \u00eenalt\u0103 calitate, personalizate \u0219i accesibile, cu empatie \u0219i aten\u021bie la nevoile \u0219i dorin\u021bele fiec\u0103rui pacient. Ne str\u0103duim s\u0103 promov\u0103m s\u0103n\u0103tatea oral\u0103 \u0219i s\u0103 transform\u0103m z\u00e2mbetele \u00een opere de art\u0103, contribuind astfel la bun\u0103starea general\u0103 a comunit\u0103\u021bii noastre.<\/p><\/p>\t\t\n\t\t\t\t\t\t\t\t\t\t\t\t\t\t\n\t\t\t\t\t\t\t<!--- List content --->\n\t\t\t\t\t\t\t<div class=\"witr_widget_list\">\n\t\t\t\t\t\t\t\t<ul>\t\t\t\t\t\t\t\n\t\t\t\t\t\t\t\t\t\t\t\t\t\t\t\t\t<\/ul>\n\t\t\t\t\t\t\t\t\t\n\t\t\t\t\t\t\t<\/div>\t\t\t\t\t\t\t\n\t\t\t\t\t\t<\/div>\n\t\t\t\t\t<\/div>\n\n\t\t\t\t\t\t\t\t<\/div>\n\t\t\t\t<\/div>\n\t\t\t\t<div class=\"elementor-element elementor-element-d15bc96 elementor-widget elementor-widget-witr_section_t_widget\" data-id=\"d15bc96\" data-element_type=\"widget\" data-widget_type=\"witr_section_t_widget.default\">\n\t\t\t\t<div class=\"elementor-widget-container\">\n\t\t\t\t\t\t\t\t\t\t<!-- text widget center -->\n\t\t\t\t\t<div class=\"witr_text_widget\">\n\t\t\t\t\t\t<div class=\"witr_text_widget_inner\">\n\t\t\t\t\t\t\t<!-- text widget top -->\n\t\t\t\t\t\t\t\t\t\t\t\t\t\n\t\t\t\t\t\t\t<!-- text widget middle -->\n\t\t\t\t\t\t\t\t\t\t\t\t\t\t\t<h2>Viziune:<\/h2>\t\t\n\t\t\t\t\t\t\t\t\t\t\t\t\t\t<!-- text widget bottom -->\n\t\t\t\t\t\t\t\t\t\t\t\t\t\n\t\t\t\t\t\t\t<!-- content -->\n\t\t\t\t\t\t\t\t\t\t\t\t\t\t\t<p><p>Viziunea noastr\u0103 este de a deveni un centru stomatologic de renume, recunoscut pentru excelen\u021ba serviciilor, inovare \u0219i angajamentul fa\u021b\u0103 de pacien\u021bi. Dorim s\u0103 devenim lideri \u00een industrie, set\u00e2nd standarde ridicate \u00een ceea ce prive\u0219te calitatea, educa\u021bia pacien\u021bilor \u0219i tehnologia medical\u0103, contribuind astfel la cre\u0219terea gradului de con\u0219tientizare asupra s\u0103n\u0103t\u0103\u021bii orale \u00een comunitatea noastr\u0103.<\/p><\/p>\t\t\n\t\t\t\t\t\t\t\t\t\t\t\t\t\t\n\t\t\t\t\t\t\t<!--- List content --->\n\t\t\t\t\t\t\t<div class=\"witr_widget_list\">\n\t\t\t\t\t\t\t\t<ul>\t\t\t\t\t\t\t\n\t\t\t\t\t\t\t\t\t\t\t\t\t\t\t\t\t<\/ul>\n\t\t\t\t\t\t\t\t\t\n\t\t\t\t\t\t\t<\/div>\t\t\t\t\t\t\t\n\t\t\t\t\t\t<\/div>\n\t\t\t\t\t<\/div>\n\n\t\t\t\t\t\t\t\t<\/div>\n\t\t\t\t<\/div>\n\t\t\t\t<div class=\"elementor-element elementor-element-89d21c6 elementor-widget elementor-widget-witr_section_t_widget\" data-id=\"89d21c6\" data-element_type=\"widget\" data-widget_type=\"witr_section_t_widget.default\">\n\t\t\t\t<div class=\"elementor-widget-container\">\n\t\t\t\t\t\t\t\t\t\t<!-- text widget center -->\n\t\t\t\t\t<div class=\"witr_text_widget\">\n\t\t\t\t\t\t<div class=\"witr_text_widget_inner\">\n\t\t\t\t\t\t\t<!-- text widget top -->\n\t\t\t\t\t\t\t\t\t\t\t\t\t\n\t\t\t\t\t\t\t<!-- text widget middle -->\n\t\t\t\t\t\t\t\t\t\t\t\t\t\t\t<h2>Obiective:<\/h2>\t\t\n\t\t\t\t\t\t\t\t\t\t\t\t\t\t<!-- text widget bottom -->\n\t\t\t\t\t\t\t\t\t\t\t\t\t\n\t\t\t\t\t\t\t<!-- content -->\n\t\t\t\t\t\t\t\t\t\t\t\t\t\t\n\t\t\t\t\t\t\t<!--- List content --->\n\t\t\t\t\t\t\t<div class=\"witr_widget_list\">\n\t\t\t\t\t\t\t\t<ul>\t\t\t\t\t\t\t\n\t\t\t\t\t\t\t\t\t\t\t\t\t\t\t\t\t\t\t\t\t\t\t\t\t\t\t\t\t\t\t\t<li>\n\t\t\t\t\t\t\t\t\t\t\t\t\t\t\t\t\t\t\t\t\t\t\t\t\t\t\t<span class=\"witr_list_icon\"><i class=\"icofont-check\"><\/i><\/span>\n\t\t\t\t\t\t\t\t\t\t\t\t\t\t\t\t\t\t\t\t\t\t\t\t\t\t<span class=\"witr_list_text\">Calitatea \u0219i securitatea pacien\u021bilor: S\u0103 asigur\u0103m \u00een permanen\u021b\u0103 calitatea superioar\u0103 a serviciilor stomatologice, respect\u00e2nd cele mai \u00eenalte standarde de igien\u0103 \u0219i siguran\u021b\u0103 medical\u0103.<\/span>\n\t\t\t\t\t\t\t\t\t\t\t\t<\/li>\n\t\t\t\t\t\t\t\t\t\t\t\t\t\t\t\t\t\t\t\t\n\t\n\t\t\t\t\t\t\t\t\t\t\t\t\t\t\t\t\t\t\t\t\t\t\t\t\t\t\t\t\t\t\t\t\t<li>\n\t\t\t\t\t\t\t\t\t\t\t\t\t\t\t\t\t\t\t\t\t\t\t\t\t\t\t<span class=\"witr_list_icon\"><i class=\"icofont-check\"><\/i><\/span>\n\t\t\t\t\t\t\t\t\t\t\t\t\t\t\t\t\t\t\t\t\t\t\t\t\t\t<span class=\"witr_list_text\">Personal specializat: S\u0103 dezvolt\u0103m o echip\u0103 dedicat\u0103 de profesioni\u0219ti \u00een domeniul stomatologiei, oferindu-le oportunit\u0103\u021bi de formare \u0219i dezvoltare continu\u0103.<\/span>\n\t\t\t\t\t\t\t\t\t\t\t\t<\/li>\n\t\t\t\t\t\t\t\t\t\t\t\t\t\t\t\t\t\t\t\t\n\t\n\t\t\t\t\t\t\t\t\t\t\t\t\t\t\t\t\t\t\t\t\t\t\t\t\t\t\t\t\t\t\t\t\t<li>\n\t\t\t\t\t\t\t\t\t\t\t\t\t\t\t\t\t\t\t\t\t\t\t\t\t\t\t<span class=\"witr_list_icon\"><i class=\"icofont-check\"><\/i><\/span>\n\t\t\t\t\t\t\t\t\t\t\t\t\t\t\t\t\t\t\t\t\t\t\t\t\t\t<span class=\"witr_list_text\">Experien\u021ba pacientului: S\u0103 oferim o experien\u021b\u0103 placut\u0103 \u0219i confortabil\u0103 pacien\u021bilor, cu empatie \u0219i comunicare eficient\u0103.<\/span>\n\t\t\t\t\t\t\t\t\t\t\t\t<\/li>\n\t\t\t\t\t\t\t\t\t\t\t\t\t\t\t\t\t\t\t\t\n\t\n\t\t\t\t\t\t\t\t\t\t\t\t\t\t\t\t\t\t\t\t\t\t\t\t\t\t\t\t\t\t\t\t\t<li>\n\t\t\t\t\t\t\t\t\t\t\t\t\t\t\t\t\t\t\t\t\t\t\t\t\t\t\t<span class=\"witr_list_icon\"><i class=\"icofont-check\"><\/i><\/span>\n\t\t\t\t\t\t\t\t\t\t\t\t\t\t\t\t\t\t\t\t\t\t\t\t\t\t<span class=\"witr_list_text\">Inovare tehnologic\u0103: S\u0103 r\u0103m\u00e2nem la curent cu cele mai recente tehnologii \u0219i proceduri \u00een stomatologie pentru a putea oferi tratamente de ultim\u0103 genera\u021bie.<\/span>\n\t\t\t\t\t\t\t\t\t\t\t\t<\/li>\n\t\t\t\t\t\t\t\t\t\t\t\t\t\t\t\t\t\t\t\t\n\t\n\t\t\t\t\t\t\t\t\t\t\t\t\t\t\t\t\t\t\t\t\t\t\t\t\t\t\t\t\t\t\t\t\t<li>\n\t\t\t\t\t\t\t\t\t\t\t\t\t\t\t\t\t\t\t\t\t\t\t\t\t\t\t<span class=\"witr_list_icon\"><i class=\"icofont-check\"><\/i><\/span>\n\t\t\t\t\t\t\t\t\t\t\t\t\t\t\t\t\t\t\t\t\t\t\t\t\t\t<span class=\"witr_list_text\">Sensibilizare comunitar\u0103: S\u0103 organiz\u0103m programe educa\u021bionale \u0219i de preven\u021bie pentru a spori gradul de con\u0219tientizare asupra importan\u021bei s\u0103n\u0103t\u0103\u021bii orale \u00een comunitatea noastr\u0103.<\/span>\n\t\t\t\t\t\t\t\t\t\t\t\t<\/li>\n\t\t\t\t\t\t\t\t\t\t\t\t\t\t\t\t\t\t\t\t\n\t\n\t\t\t\t\t\t\t\t\t\t\t\t\t\t\t\t\t\t\t\t\t\t\t\t\t\t\t\t\t\t\t\t\t<li>\n\t\t\t\t\t\t\t\t\t\t\t\t\t\t\t\t\t\t\t\t\t\t\t\t\t\t\t<span class=\"witr_list_icon\"><i class=\"icofont-check\"><\/i><\/span>\n\t\t\t\t\t\t\t\t\t\t\t\t\t\t\t\t\t\t\t\t\t\t\t\t\t\t<span class=\"witr_list_text\">Accesibilitate financiar\u0103: S\u0103 oferim op\u021biuni de finan\u021bare \u0219i pre\u021buri competitive pentru a asigura accesibilitatea serviciilor noastre medicale stomatologice pentru un num\u0103r c\u00e2t mai mare de pacien\u021bi.<\/span>\n\t\t\t\t\t\t\t\t\t\t\t\t<\/li>\n\t\t\t\t\t\t\t\t\t\t\t\t\t\t\t\t\t\t\t\t\n\t\n\t\t\t\t\t\t\t\t\t\t\t\t\n\t\t\t\t\t\t\t\t\t\t\t\t\t\t\t\t\t<\/ul>\n\t\t\t\t\t\t\t\t\t\n\t\t\t\t\t\t\t<\/div>\t\t\t\t\t\t\t\n\t\t\t\t\t\t<\/div>\n\t\t\t\t\t<\/div>\n\n\t\t\t\t\t\t\t\t<\/div>\n\t\t\t\t<\/div>\n\t\t\t\t\t<\/div>\n\t\t\t\t<\/div>\n\t\t\t\t<\/div>\n\t\t","protected":false},"excerpt":{"rendered":"<p>Misiune: Misiunea noastr\u0103 este de a oferi servicii stomatologice de \u00eenalt\u0103 calitate, personalizate \u0219i accesibile, cu empatie \u0219i aten\u021bie la nevoile \u0219i dorin\u021bele fiec\u0103rui pacient. Ne str\u0103duim s\u0103 promov\u0103m s\u0103n\u0103tatea oral\u0103 \u0219i s\u0103 transform\u0103m z\u00e2mbetele \u00een opere de art\u0103, contribuind astfel la bun\u0103starea general\u0103 a comunit\u0103\u021bii noastre. Viziune: Viziunea noastr\u0103 este de a deveni un [&hellip;]<\/p>\n","protected":false},"author":1,"featured_media":0,"parent":0,"menu_order":0,"comment_status":"closed","ping_status":"closed","template":"template-home.php","meta":{"om_disable_all_campaigns":false,"_monsterinsights_skip_tracking":false,"_monsterinsights_sitenote_active":false,"_monsterinsights_sitenote_note":"","_monsterinsights_sitenote_category":0,"footnotes":""},"aioseo_notices":[],"_links":{"self":[{"href":"https:\/\/mdent.ro\/index.php?rest_route=\/wp\/v2\/pages\/360"}],"collection":[{"href":"https:\/\/mdent.ro\/index.php?rest_route=\/wp\/v2\/pages"}],"about":[{"href":"https:\/\/mdent.ro\/index.php?rest_route=\/wp\/v2\/types\/page"}],"author":[{"embeddable":true,"href":"https:\/\/mdent.ro\/index.php?rest_route=\/wp\/v2\/users\/1"}],"replies":[{"embeddable":true,"href":"https:\/\/mdent.ro\/index.php?rest_route=%2Fwp%2Fv2%2Fcomments&post=360"}],"version-history":[{"count":5,"href":"https:\/\/mdent.ro\/index.php?rest_route=\/wp\/v2\/pages\/360\/revisions"}],"predecessor-version":[{"id":13017,"href":"https:\/\/mdent.ro\/index.php?rest_route=\/wp\/v2\/pages\/360\/revisions\/13017"}],"wp:attachment":[{"href":"https:\/\/mdent.ro\/index.php?rest_route=%2Fwp%2Fv2%2Fmedia&parent=360"}],"curies":[{"name":"wp","href":"https:\/\/api.w.org\/{rel}","templated":true}]}}